{"id":1545,"date":"2017-04-19T15:13:41","date_gmt":"2017-04-19T13:13:41","guid":{"rendered":"http:\/\/www.3apes.sk\/en\/cart\/"},"modified":"2017-05-30T11:50:18","modified_gmt":"2017-05-30T09:50:18","slug":"cart","status":"publish","type":"page","link":"https:\/\/www.3apes.sk\/en\/cart\/","title":{"rendered":"Cart"},"content":{"rendered":"\n","protected":false},"excerpt":{"rendered":"","protected":false},"author":1,"featured_media":0,"parent":0,"menu_order":0,"comment_status":"closed","ping_status":"closed","template":"","meta":{"footnotes":""},"class_list":["post-1545","page","type-page","status-publish","hentry","description-off"],"yoast_head":"<!-- This site is optimized with the Yoast SEO plugin v20.3 - https:\/\/yoast.com\/wordpress\/plugins\/seo\/ -->\n<title>Cart - 3apes - Your Best Choice For Event !<\/title>\n<meta name=\"robots\" content=\"index, follow, max-snippet:-1, max-image-preview:large, max-video-preview:-1\" \/>\n<link rel=\"canonical\" href=\"https:\/\/www.3apes.sk\/en\/cart\/\" \/>\n<meta property=\"og:locale\" content=\"en_US\" \/>\n<meta property=\"og:type\" content=\"article\" \/>\n<meta property=\"og:title\" content=\"Cart - 3apes - Your Best Choice For Event !\" \/>\n<meta property=\"og:url\" content=\"https:\/\/www.3apes.sk\/en\/cart\/\" \/>\n<meta property=\"og:site_name\" content=\"3apes - Your Best Choice For Event !\" \/>\n<meta property=\"article:modified_time\" content=\"2017-05-30T09:50:18+00:00\" \/>\n<script type=\"application\/ld+json\" class=\"yoast-schema-graph\">{\"@context\":\"https:\/\/schema.org\",\"@graph\":[{\"@type\":\"WebPage\",\"@id\":\"https:\/\/www.3apes.sk\/en\/cart\/\",\"url\":\"https:\/\/www.3apes.sk\/en\/cart\/\",\"name\":\"Cart - 3apes - Your Best Choice For Event !\",\"isPartOf\":{\"@id\":\"https:\/\/www.3apes.sk\/en\/#website\"},\"datePublished\":\"2017-04-19T13:13:41+00:00\",\"dateModified\":\"2017-05-30T09:50:18+00:00\",\"breadcrumb\":{\"@id\":\"https:\/\/www.3apes.sk\/en\/cart\/#breadcrumb\"},\"inLanguage\":\"en-US\",\"potentialAction\":[{\"@type\":\"ReadAction\",\"target\":[\"https:\/\/www.3apes.sk\/en\/cart\/\"]}]},{\"@type\":\"BreadcrumbList\",\"@id\":\"https:\/\/www.3apes.sk\/en\/cart\/#breadcrumb\",\"itemListElement\":[{\"@type\":\"ListItem\",\"position\":1,\"name\":\"Dom\u00e1ca str\u00e1nka\",\"item\":\"https:\/\/www.3apes.sk\/en\/\"},{\"@type\":\"ListItem\",\"position\":2,\"name\":\"Cart\"}]},{\"@type\":\"WebSite\",\"@id\":\"https:\/\/www.3apes.sk\/en\/#website\",\"url\":\"https:\/\/www.3apes.sk\/en\/\",\"name\":\"3apes - Your Best Choice For Event !\",\"description\":\"3apes je vizu\u00e1lno\u2013efektov\u00e1 firma \u0161pecializuj\u00faca sa na 3D projek\u010dn\u00fd mapping a vizu\u00e1lne efekty pre ka\u017ed\u00fa pr\u00edle\u017eitos\u0165\",\"potentialAction\":[{\"@type\":\"SearchAction\",\"target\":{\"@type\":\"EntryPoint\",\"urlTemplate\":\"https:\/\/www.3apes.sk\/en\/?s={search_term_string}\"},\"query-input\":\"required name=search_term_string\"}],\"inLanguage\":\"en-US\"}]}<\/script>\n<!-- \/ Yoast SEO plugin. -->","yoast_head_json":{"title":"Cart - 3apes - Your Best Choice For Event !","robots":{"index":"index","follow":"follow","max-snippet":"max-snippet:-1","max-image-preview":"max-image-preview:large","max-video-preview":"max-video-preview:-1"},"canonical":"https:\/\/www.3apes.sk\/en\/cart\/","og_locale":"en_US","og_type":"article","og_title":"Cart - 3apes - Your Best Choice For Event !","og_url":"https:\/\/www.3apes.sk\/en\/cart\/","og_site_name":"3apes - Your Best Choice For Event !","article_modified_time":"2017-05-30T09:50:18+00:00","schema":{"@context":"https:\/\/schema.org","@graph":[{"@type":"WebPage","@id":"https:\/\/www.3apes.sk\/en\/cart\/","url":"https:\/\/www.3apes.sk\/en\/cart\/","name":"Cart - 3apes - Your Best Choice For Event !","isPartOf":{"@id":"https:\/\/www.3apes.sk\/en\/#website"},"datePublished":"2017-04-19T13:13:41+00:00","dateModified":"2017-05-30T09:50:18+00:00","breadcrumb":{"@id":"https:\/\/www.3apes.sk\/en\/cart\/#breadcrumb"},"inLanguage":"en-US","potentialAction":[{"@type":"ReadAction","target":["https:\/\/www.3apes.sk\/en\/cart\/"]}]},{"@type":"BreadcrumbList","@id":"https:\/\/www.3apes.sk\/en\/cart\/#breadcrumb","itemListElement":[{"@type":"ListItem","position":1,"name":"Dom\u00e1ca str\u00e1nka","item":"https:\/\/www.3apes.sk\/en\/"},{"@type":"ListItem","position":2,"name":"Cart"}]},{"@type":"WebSite","@id":"https:\/\/www.3apes.sk\/en\/#website","url":"https:\/\/www.3apes.sk\/en\/","name":"3apes - Your Best Choice For Event !","description":"3apes je vizu\u00e1lno\u2013efektov\u00e1 firma \u0161pecializuj\u00faca sa na 3D projek\u010dn\u00fd mapping a vizu\u00e1lne efekty pre ka\u017ed\u00fa pr\u00edle\u017eitos\u0165","potentialAction":[{"@type":"SearchAction","target":{"@type":"EntryPoint","urlTemplate":"https:\/\/www.3apes.sk\/en\/?s={search_term_string}"},"query-input":"required name=search_term_string"}],"inLanguage":"en-US"}]}},"_links":{"self":[{"href":"https:\/\/www.3apes.sk\/en\/wp-json\/wp\/v2\/pages\/1545","targetHints":{"allow":["GET"]}}],"collection":[{"href":"https:\/\/www.3apes.sk\/en\/wp-json\/wp\/v2\/pages"}],"about":[{"href":"https:\/\/www.3apes.sk\/en\/wp-json\/wp\/v2\/types\/page"}],"author":[{"embeddable":true,"href":"https:\/\/www.3apes.sk\/en\/wp-json\/wp\/v2\/users\/1"}],"replies":[{"embeddable":true,"href":"https:\/\/www.3apes.sk\/en\/wp-json\/wp\/v2\/comments?post=1545"}],"version-history":[{"count":1,"href":"https:\/\/www.3apes.sk\/en\/wp-json\/wp\/v2\/pages\/1545\/revisions"}],"predecessor-version":[{"id":1634,"href":"https:\/\/www.3apes.sk\/en\/wp-json\/wp\/v2\/pages\/1545\/revisions\/1634"}],"wp:attachment":[{"href":"https:\/\/www.3apes.sk\/en\/wp-json\/wp\/v2\/media?parent=1545"}],"curies":[{"name":"wp","href":"https:\/\/api.w.org\/{rel}","templated":true}]}}