{"id":1547,"date":"2017-04-19T15:13:41","date_gmt":"2017-04-19T13:13:41","guid":{"rendered":"http:\/\/www.3apes.sk\/en\/my-account\/"},"modified":"2020-02-19T16:17:21","modified_gmt":"2020-02-19T14:17:21","slug":"my-account","status":"publish","type":"page","link":"https:\/\/www.3apes.sk\/en\/my-account\/","title":{"rendered":"My account"},"content":{"rendered":"<section class=\"wpb-content-wrapper\"><p>[vc_row type=&#8221;vc_default&#8221; bg_type=&#8221;image&#8221; parallax_style=&#8221;vcpb-default&#8221; bg_image_new=&#8221;id^1924|url^http:\/\/www.3apes.sk\/en\/wp-content\/uploads\/2020\/02\/aa1-scaled.jpg|caption^null|alt^null|title^aa1|description^null&#8221; bg_override=&#8221;full&#8221;][vc_column]<div class=\"woocommerce\"><\/div>[\/vc_column][\/vc_row]<\/p>\n<\/section>","protected":false},"excerpt":{"rendered":"<p>[vc_row type=&#8221;vc_default&#8221; bg_type=&#8221;image&#8221; parallax_style=&#8221;vcpb-default&#8221; bg_image_new=&#8221;id^1924|url^http:\/\/www.3apes.sk\/en\/wp-content\/uploads\/2020\/02\/aa1-scaled.jpg|caption^null|alt^null|title^aa1|description^null&#8221; bg_override=&#8221;full&#8221;][vc_column][\/vc_column][\/vc_row]<\/p>\n","protected":false},"author":1,"featured_media":0,"parent":0,"menu_order":0,"comment_status":"closed","ping_status":"closed","template":"","meta":{"footnotes":""},"class_list":["post-1547","page","type-page","status-publish","hentry","description-off"],"yoast_head":"<!-- This site is optimized with the Yoast SEO plugin v20.3 - https:\/\/yoast.com\/wordpress\/plugins\/seo\/ -->\n<title>My account - 3apes - Your Best Choice For Event !<\/title>\n<meta name=\"robots\" content=\"index, follow, max-snippet:-1, max-image-preview:large, max-video-preview:-1\" \/>\n<link rel=\"canonical\" href=\"https:\/\/www.3apes.sk\/en\/my-account\/\" \/>\n<meta property=\"og:locale\" content=\"en_US\" \/>\n<meta property=\"og:type\" content=\"article\" \/>\n<meta property=\"og:title\" content=\"My account - 3apes - Your Best Choice For Event !\" \/>\n<meta property=\"og:description\" content=\"[vc_row type=&#8221;vc_default&#8221; bg_type=&#8221;image&#8221; parallax_style=&#8221;vcpb-default&#8221; bg_image_new=&#8221;id^1924|url^http:\/\/www.3apes.sk\/en\/wp-content\/uploads\/2020\/02\/aa1-scaled.jpg|caption^null|alt^null|title^aa1|description^null&#8221; bg_override=&#8221;full&#8221;][vc_column][\/vc_column][\/vc_row]\" \/>\n<meta property=\"og:url\" content=\"https:\/\/www.3apes.sk\/en\/my-account\/\" \/>\n<meta property=\"og:site_name\" content=\"3apes - Your Best Choice For Event !\" \/>\n<meta property=\"article:modified_time\" content=\"2020-02-19T14:17:21+00:00\" \/>\n<script type=\"application\/ld+json\" class=\"yoast-schema-graph\">{\"@context\":\"https:\/\/schema.org\",\"@graph\":[{\"@type\":\"WebPage\",\"@id\":\"https:\/\/www.3apes.sk\/en\/my-account\/\",\"url\":\"https:\/\/www.3apes.sk\/en\/my-account\/\",\"name\":\"My account - 3apes - Your Best Choice For Event !\",\"isPartOf\":{\"@id\":\"https:\/\/www.3apes.sk\/en\/#website\"},\"datePublished\":\"2017-04-19T13:13:41+00:00\",\"dateModified\":\"2020-02-19T14:17:21+00:00\",\"breadcrumb\":{\"@id\":\"https:\/\/www.3apes.sk\/en\/my-account\/#breadcrumb\"},\"inLanguage\":\"en-US\",\"potentialAction\":[{\"@type\":\"ReadAction\",\"target\":[\"https:\/\/www.3apes.sk\/en\/my-account\/\"]}]},{\"@type\":\"BreadcrumbList\",\"@id\":\"https:\/\/www.3apes.sk\/en\/my-account\/#breadcrumb\",\"itemListElement\":[{\"@type\":\"ListItem\",\"position\":1,\"name\":\"Dom\u00e1ca str\u00e1nka\",\"item\":\"https:\/\/www.3apes.sk\/en\/\"},{\"@type\":\"ListItem\",\"position\":2,\"name\":\"My account\"}]},{\"@type\":\"WebSite\",\"@id\":\"https:\/\/www.3apes.sk\/en\/#website\",\"url\":\"https:\/\/www.3apes.sk\/en\/\",\"name\":\"3apes - Your Best Choice For Event !\",\"description\":\"3apes je vizu\u00e1lno\u2013efektov\u00e1 firma \u0161pecializuj\u00faca sa na 3D projek\u010dn\u00fd mapping a vizu\u00e1lne efekty pre ka\u017ed\u00fa pr\u00edle\u017eitos\u0165\",\"potentialAction\":[{\"@type\":\"SearchAction\",\"target\":{\"@type\":\"EntryPoint\",\"urlTemplate\":\"https:\/\/www.3apes.sk\/en\/?s={search_term_string}\"},\"query-input\":\"required name=search_term_string\"}],\"inLanguage\":\"en-US\"}]}<\/script>\n<!-- \/ Yoast SEO plugin. -->","yoast_head_json":{"title":"My account - 3apes - Your Best Choice For Event !","robots":{"index":"index","follow":"follow","max-snippet":"max-snippet:-1","max-image-preview":"max-image-preview:large","max-video-preview":"max-video-preview:-1"},"canonical":"https:\/\/www.3apes.sk\/en\/my-account\/","og_locale":"en_US","og_type":"article","og_title":"My account - 3apes - Your Best Choice For Event !","og_description":"[vc_row type=&#8221;vc_default&#8221; bg_type=&#8221;image&#8221; parallax_style=&#8221;vcpb-default&#8221; bg_image_new=&#8221;id^1924|url^http:\/\/www.3apes.sk\/en\/wp-content\/uploads\/2020\/02\/aa1-scaled.jpg|caption^null|alt^null|title^aa1|description^null&#8221; bg_override=&#8221;full&#8221;][vc_column][\/vc_column][\/vc_row]","og_url":"https:\/\/www.3apes.sk\/en\/my-account\/","og_site_name":"3apes - Your Best Choice For Event !","article_modified_time":"2020-02-19T14:17:21+00:00","schema":{"@context":"https:\/\/schema.org","@graph":[{"@type":"WebPage","@id":"https:\/\/www.3apes.sk\/en\/my-account\/","url":"https:\/\/www.3apes.sk\/en\/my-account\/","name":"My account - 3apes - Your Best Choice For Event !","isPartOf":{"@id":"https:\/\/www.3apes.sk\/en\/#website"},"datePublished":"2017-04-19T13:13:41+00:00","dateModified":"2020-02-19T14:17:21+00:00","breadcrumb":{"@id":"https:\/\/www.3apes.sk\/en\/my-account\/#breadcrumb"},"inLanguage":"en-US","potentialAction":[{"@type":"ReadAction","target":["https:\/\/www.3apes.sk\/en\/my-account\/"]}]},{"@type":"BreadcrumbList","@id":"https:\/\/www.3apes.sk\/en\/my-account\/#breadcrumb","itemListElement":[{"@type":"ListItem","position":1,"name":"Dom\u00e1ca str\u00e1nka","item":"https:\/\/www.3apes.sk\/en\/"},{"@type":"ListItem","position":2,"name":"My account"}]},{"@type":"WebSite","@id":"https:\/\/www.3apes.sk\/en\/#website","url":"https:\/\/www.3apes.sk\/en\/","name":"3apes - Your Best Choice For Event !","description":"3apes je vizu\u00e1lno\u2013efektov\u00e1 firma \u0161pecializuj\u00faca sa na 3D projek\u010dn\u00fd mapping a vizu\u00e1lne efekty pre ka\u017ed\u00fa pr\u00edle\u017eitos\u0165","potentialAction":[{"@type":"SearchAction","target":{"@type":"EntryPoint","urlTemplate":"https:\/\/www.3apes.sk\/en\/?s={search_term_string}"},"query-input":"required name=search_term_string"}],"inLanguage":"en-US"}]}},"_links":{"self":[{"href":"https:\/\/www.3apes.sk\/en\/wp-json\/wp\/v2\/pages\/1547","targetHints":{"allow":["GET"]}}],"collection":[{"href":"https:\/\/www.3apes.sk\/en\/wp-json\/wp\/v2\/pages"}],"about":[{"href":"https:\/\/www.3apes.sk\/en\/wp-json\/wp\/v2\/types\/page"}],"author":[{"embeddable":true,"href":"https:\/\/www.3apes.sk\/en\/wp-json\/wp\/v2\/users\/1"}],"replies":[{"embeddable":true,"href":"https:\/\/www.3apes.sk\/en\/wp-json\/wp\/v2\/comments?post=1547"}],"version-history":[{"count":1,"href":"https:\/\/www.3apes.sk\/en\/wp-json\/wp\/v2\/pages\/1547\/revisions"}],"predecessor-version":[{"id":2012,"href":"https:\/\/www.3apes.sk\/en\/wp-json\/wp\/v2\/pages\/1547\/revisions\/2012"}],"wp:attachment":[{"href":"https:\/\/www.3apes.sk\/en\/wp-json\/wp\/v2\/media?parent=1547"}],"curies":[{"name":"wp","href":"https:\/\/api.w.org\/{rel}","templated":true}]}}