{"id":71,"date":"2015-11-05T16:33:36","date_gmt":"2015-11-05T14:33:36","guid":{"rendered":"http:\/\/www.3apes.sk\/en\/en\/?page_id=71"},"modified":"2017-02-14T12:31:13","modified_gmt":"2017-02-14T10:31:13","slug":"novinky","status":"publish","type":"page","link":"https:\/\/www.3apes.sk\/en\/novinky\/","title":{"rendered":"Novinky"},"content":{"rendered":"","protected":false},"excerpt":{"rendered":"","protected":false},"author":1,"featured_media":0,"parent":0,"menu_order":0,"comment_status":"closed","ping_status":"closed","template":"template-blog-list.php","meta":{"footnotes":""},"class_list":["post-71","page","type-page","status-publish","hentry","description-off"],"yoast_head":"<!-- This site is optimized with the Yoast SEO plugin v20.3 - https:\/\/yoast.com\/wordpress\/plugins\/seo\/ -->\n<title>Novinky - 3apes - Your Best Choice For Event !<\/title>\n<meta name=\"robots\" content=\"index, follow, max-snippet:-1, max-image-preview:large, max-video-preview:-1\" \/>\n<link rel=\"canonical\" href=\"https:\/\/www.3apes.sk\/en\/novinky\/\" \/>\n<meta property=\"og:locale\" content=\"en_US\" \/>\n<meta property=\"og:type\" content=\"article\" \/>\n<meta property=\"og:title\" content=\"Novinky - 3apes - Your Best Choice For Event !\" \/>\n<meta property=\"og:url\" content=\"https:\/\/www.3apes.sk\/en\/novinky\/\" \/>\n<meta property=\"og:site_name\" content=\"3apes - Your Best Choice For Event !\" \/>\n<meta property=\"article:modified_time\" content=\"2017-02-14T10:31:13+00:00\" \/>\n<script type=\"application\/ld+json\" class=\"yoast-schema-graph\">{\"@context\":\"https:\/\/schema.org\",\"@graph\":[{\"@type\":\"WebPage\",\"@id\":\"https:\/\/www.3apes.sk\/en\/novinky\/\",\"url\":\"https:\/\/www.3apes.sk\/en\/novinky\/\",\"name\":\"Novinky - 3apes - Your Best Choice For Event !\",\"isPartOf\":{\"@id\":\"https:\/\/www.3apes.sk\/en\/#website\"},\"datePublished\":\"2015-11-05T14:33:36+00:00\",\"dateModified\":\"2017-02-14T10:31:13+00:00\",\"breadcrumb\":{\"@id\":\"https:\/\/www.3apes.sk\/en\/novinky\/#breadcrumb\"},\"inLanguage\":\"en-US\",\"potentialAction\":[{\"@type\":\"ReadAction\",\"target\":[\"https:\/\/www.3apes.sk\/en\/novinky\/\"]}]},{\"@type\":\"BreadcrumbList\",\"@id\":\"https:\/\/www.3apes.sk\/en\/novinky\/#breadcrumb\",\"itemListElement\":[{\"@type\":\"ListItem\",\"position\":1,\"name\":\"Dom\u00e1ca str\u00e1nka\",\"item\":\"https:\/\/www.3apes.sk\/en\/\"},{\"@type\":\"ListItem\",\"position\":2,\"name\":\"Novinky\"}]},{\"@type\":\"WebSite\",\"@id\":\"https:\/\/www.3apes.sk\/en\/#website\",\"url\":\"https:\/\/www.3apes.sk\/en\/\",\"name\":\"3apes - Your Best Choice For Event !\",\"description\":\"3apes je vizu\u00e1lno\u2013efektov\u00e1 firma \u0161pecializuj\u00faca sa na 3D projek\u010dn\u00fd mapping a vizu\u00e1lne efekty pre ka\u017ed\u00fa pr\u00edle\u017eitos\u0165\",\"potentialAction\":[{\"@type\":\"SearchAction\",\"target\":{\"@type\":\"EntryPoint\",\"urlTemplate\":\"https:\/\/www.3apes.sk\/en\/?s={search_term_string}\"},\"query-input\":\"required name=search_term_string\"}],\"inLanguage\":\"en-US\"}]}<\/script>\n<!-- \/ Yoast SEO plugin. -->","yoast_head_json":{"title":"Novinky - 3apes - Your Best Choice For Event !","robots":{"index":"index","follow":"follow","max-snippet":"max-snippet:-1","max-image-preview":"max-image-preview:large","max-video-preview":"max-video-preview:-1"},"canonical":"https:\/\/www.3apes.sk\/en\/novinky\/","og_locale":"en_US","og_type":"article","og_title":"Novinky - 3apes - Your Best Choice For Event !","og_url":"https:\/\/www.3apes.sk\/en\/novinky\/","og_site_name":"3apes - Your Best Choice For Event !","article_modified_time":"2017-02-14T10:31:13+00:00","schema":{"@context":"https:\/\/schema.org","@graph":[{"@type":"WebPage","@id":"https:\/\/www.3apes.sk\/en\/novinky\/","url":"https:\/\/www.3apes.sk\/en\/novinky\/","name":"Novinky - 3apes - Your Best Choice For Event !","isPartOf":{"@id":"https:\/\/www.3apes.sk\/en\/#website"},"datePublished":"2015-11-05T14:33:36+00:00","dateModified":"2017-02-14T10:31:13+00:00","breadcrumb":{"@id":"https:\/\/www.3apes.sk\/en\/novinky\/#breadcrumb"},"inLanguage":"en-US","potentialAction":[{"@type":"ReadAction","target":["https:\/\/www.3apes.sk\/en\/novinky\/"]}]},{"@type":"BreadcrumbList","@id":"https:\/\/www.3apes.sk\/en\/novinky\/#breadcrumb","itemListElement":[{"@type":"ListItem","position":1,"name":"Dom\u00e1ca str\u00e1nka","item":"https:\/\/www.3apes.sk\/en\/"},{"@type":"ListItem","position":2,"name":"Novinky"}]},{"@type":"WebSite","@id":"https:\/\/www.3apes.sk\/en\/#website","url":"https:\/\/www.3apes.sk\/en\/","name":"3apes - Your Best Choice For Event !","description":"3apes je vizu\u00e1lno\u2013efektov\u00e1 firma \u0161pecializuj\u00faca sa na 3D projek\u010dn\u00fd mapping a vizu\u00e1lne efekty pre ka\u017ed\u00fa pr\u00edle\u017eitos\u0165","potentialAction":[{"@type":"SearchAction","target":{"@type":"EntryPoint","urlTemplate":"https:\/\/www.3apes.sk\/en\/?s={search_term_string}"},"query-input":"required name=search_term_string"}],"inLanguage":"en-US"}]}},"_links":{"self":[{"href":"https:\/\/www.3apes.sk\/en\/wp-json\/wp\/v2\/pages\/71","targetHints":{"allow":["GET"]}}],"collection":[{"href":"https:\/\/www.3apes.sk\/en\/wp-json\/wp\/v2\/pages"}],"about":[{"href":"https:\/\/www.3apes.sk\/en\/wp-json\/wp\/v2\/types\/page"}],"author":[{"embeddable":true,"href":"https:\/\/www.3apes.sk\/en\/wp-json\/wp\/v2\/users\/1"}],"replies":[{"embeddable":true,"href":"https:\/\/www.3apes.sk\/en\/wp-json\/wp\/v2\/comments?post=71"}],"version-history":[{"count":5,"href":"https:\/\/www.3apes.sk\/en\/wp-json\/wp\/v2\/pages\/71\/revisions"}],"predecessor-version":[{"id":1286,"href":"https:\/\/www.3apes.sk\/en\/wp-json\/wp\/v2\/pages\/71\/revisions\/1286"}],"wp:attachment":[{"href":"https:\/\/www.3apes.sk\/en\/wp-json\/wp\/v2\/media?parent=71"}],"curies":[{"name":"wp","href":"https:\/\/api.w.org\/{rel}","templated":true}]}}