{"id":76,"date":"2015-11-05T16:38:08","date_gmt":"2015-11-05T14:38:08","guid":{"rendered":"http:\/\/www.3apes.sk\/en\/en\/?page_id=76"},"modified":"2018-01-16T14:55:04","modified_gmt":"2018-01-16T12:55:04","slug":"video-postproduction","status":"publish","type":"page","link":"https:\/\/www.3apes.sk\/en\/video-postproduction\/","title":{"rendered":"Video &#038; Postproduction"},"content":{"rendered":"<section class=\"wpb-content-wrapper\"><p>[vc_row full_width=&#8221;true&#8221;][vc_column]<div class=\"shortcode-banner fadeIn animate-element\" style=\"min-height: 200px;background-image: url(https:\/\/www.3apes.sk\/en\/wp-content\/uploads\/2015\/11\/fotovideo1.png)\"><div class=\"shortcode-banner-bg wf-table\" style=\"padding: 0px;min-height: 200px\"><div class=\"shortcode-banner-inside wf-table text-big\" style=\"border: solid 0px transparent;outline: solid 0px;outline-color: #ffffff;height: 200px\"><div><h1 style=\"text-align: center;\"><span style=\"color: #ffffff;\">PHOTO &amp; VIDEO<\/span><\/h1>\n<\/div><\/div><\/div><\/div>[vc_empty_space][\/vc_column][\/vc_row][vc_row][vc_column]<div id=\"ultimate-heading-397069f49e5965d98\" class=\"uvc-heading ult-adjust-bottom-margin ultimate-heading-397069f49e5965d98 uvc-1553  uvc-heading-default-font-sizes\" data-hspacer=\"no_spacer\"  data-halign=\"center\" style=\"text-align:center\"><div class=\"uvc-heading-spacer no_spacer\" style=\"top\"><\/div><\/div>[vc_empty_space][\/vc_column][\/vc_row][vc_row type=&#8221;1&#8243;][vc_column][vc_empty_space height=&#8221;42px&#8221;][vc_column_text]<\/p>\n<h2 style=\"text-align: center;\">Video Editing<\/h2>\n<p>[\/vc_column_text][\/vc_column][vc_column width=&#8221;1\/2&#8243;]<style type=\"text\/css\" data-type=\"the7_shortcodes-inline-css\">.shortcode-single-image-wrap.shortcode-single-image-b36a0f3599a3772993a4f0e32bff314f.enable-bg-rollover .rollover i,\n.shortcode-single-image-wrap.shortcode-single-image-b36a0f3599a3772993a4f0e32bff314f.enable-bg-rollover .rollover-video i {\n  background: ;\n  background: -webkit-linear-gradient();\n  background: linear-gradient();\n}\n.shortcode-single-image-wrap.shortcode-single-image-b36a0f3599a3772993a4f0e32bff314f .rollover-icon {\n  font-size: 32px;\n  color: #ffffff;\n  min-width: 44px;\n  min-height: 44px;\n  line-height: 44px;\n  border-radius: 100px;\n  border-style: solid;\n  border-width: 0px;\n}\n.dt-icon-bg-on.shortcode-single-image-wrap.shortcode-single-image-b36a0f3599a3772993a4f0e32bff314f .rollover-icon {\n  background: rgba(255,255,255,0.3);\n  -webkit-box-shadow: none;\n  box-shadow: none;\n}\n<\/style><div class=\"shortcode-single-image-wrap shortcode-single-image-b36a0f3599a3772993a4f0e32bff314f alignnone  enable-bg-rollover dt-icon-bg-off\" style=\"margin-top:0px; margin-bottom:0px; margin-left:0px; margin-right:0px; width:600px;\"><div class=\"shortcode-single-image\"><div class=\"fancy-media-wrap\" style=\"\"><a class=\"layzr-bg rollover rollover-zoom dt-pswp-item pswp-image\" href=\"https:\/\/www.3apes.sk\/en\/wp-content\/uploads\/2015\/11\/operator06.png\" title=\"operator06\" data-dt-img-description=\"\" data-large_image_width=\"1200\" data-large_image_height = \"628\"  style=\"\"><img fetchpriority=\"high\" decoding=\"async\" class=\"preload-me lazy-load aspect\" src=\"data:image\/svg+xml,%3Csvg%20xmlns%3D&#39;http%3A%2F%2Fwww.w3.org%2F2000%2Fsvg&#39;%20viewBox%3D&#39;0%200%20600%20314&#39;%2F%3E\" data-src=\"https:\/\/www.3apes.sk\/en\/wp-content\/uploads\/2015\/11\/operator06-600x314.png\" data-srcset=\"https:\/\/www.3apes.sk\/en\/wp-content\/uploads\/2015\/11\/operator06-600x314.png 600w, https:\/\/www.3apes.sk\/en\/wp-content\/uploads\/2015\/11\/operator06.png 1200w\" loading=\"eager\" style=\"--ratio: 600 \/ 314\" sizes=\"(max-width: 600px) 100vw, 600px\" width=\"600\" height=\"314\"  data-dt-location=\"https:\/\/www.3apes.sk\/en\/multimedialne-show\/operator06\/\" alt=\"\" \/><\/a><\/div><\/div><\/div>[vc_empty_space height=&#8221;42px&#8221;][\/vc_column][vc_column width=&#8221;1\/2&#8243;][vc_column_text]<\/p>\n<p style=\"text-align: justify;\">Do you need a perfect record from your corporate party, live transmission from cameras to a LED screen, a projection screen, or stream your conference to the web? We also offer camera services! In addition to perfect picture and sound, the technical equipment of our studio also provides complete digital post production.<\/p>\n<p>[\/vc_column_text][\/vc_column][\/vc_row]<\/p>\n<\/section>","protected":false},"excerpt":{"rendered":"<p>[vc_row full_width=&#8221;true&#8221;][vc_column][vc_empty_space][\/vc_column][\/vc_row][vc_row][vc_column][vc_empty_space][\/vc_column][\/vc_row][vc_row type=&#8221;1&#8243;][vc_column][vc_empty_space height=&#8221;42px&#8221;][vc_column_text] Video Editing [\/vc_column_text][\/vc_column][vc_column width=&#8221;1\/2&#8243;][vc_empty_space height=&#8221;42px&#8221;][\/vc_column][vc_column width=&#8221;1\/2&#8243;][vc_column_text] Do you need a perfect record from your corporate party, live transmission from cameras to a LED screen, a projection screen, or stream your conference to the web? We also offer camera services! In addition to perfect picture and sound, the technical equipment of our&hellip;<\/p>\n","protected":false},"author":1,"featured_media":0,"parent":0,"menu_order":0,"comment_status":"closed","ping_status":"closed","template":"","meta":{"footnotes":""},"class_list":["post-76","page","type-page","status-publish","hentry","description-off"],"yoast_head":"<!-- This site is optimized with the Yoast SEO plugin v20.3 - https:\/\/yoast.com\/wordpress\/plugins\/seo\/ -->\n<title>Video &amp; Postproduction - 3apes - Your Best Choice For Event !<\/title>\n<meta name=\"robots\" content=\"index, follow, max-snippet:-1, max-image-preview:large, max-video-preview:-1\" \/>\n<link rel=\"canonical\" href=\"https:\/\/www.3apes.sk\/en\/video-postproduction\/\" \/>\n<meta property=\"og:locale\" content=\"en_US\" \/>\n<meta property=\"og:type\" content=\"article\" \/>\n<meta property=\"og:title\" content=\"Video &amp; Postproduction - 3apes - Your Best Choice For Event !\" \/>\n<meta property=\"og:description\" content=\"[vc_row full_width=&#8221;true&#8221;][vc_column][vc_empty_space][\/vc_column][\/vc_row][vc_row][vc_column][vc_empty_space][\/vc_column][\/vc_row][vc_row type=&#8221;1&#8243;][vc_column][vc_empty_space height=&#8221;42px&#8221;][vc_column_text] Video Editing [\/vc_column_text][\/vc_column][vc_column width=&#8221;1\/2&#8243;][vc_empty_space height=&#8221;42px&#8221;][\/vc_column][vc_column width=&#8221;1\/2&#8243;][vc_column_text] Do you need a perfect record from your corporate party, live transmission from cameras to a LED screen, a projection screen, or stream your conference to the web? We also offer camera services! In addition to perfect picture and sound, the technical equipment of our&hellip;\" \/>\n<meta property=\"og:url\" content=\"https:\/\/www.3apes.sk\/en\/video-postproduction\/\" \/>\n<meta property=\"og:site_name\" content=\"3apes - Your Best Choice For Event !\" \/>\n<meta property=\"article:modified_time\" content=\"2018-01-16T12:55:04+00:00\" \/>\n<meta name=\"twitter:label1\" content=\"Est. reading time\" \/>\n\t<meta name=\"twitter:data1\" content=\"1 minute\" \/>\n<script type=\"application\/ld+json\" class=\"yoast-schema-graph\">{\"@context\":\"https:\/\/schema.org\",\"@graph\":[{\"@type\":\"WebPage\",\"@id\":\"https:\/\/www.3apes.sk\/en\/video-postproduction\/\",\"url\":\"https:\/\/www.3apes.sk\/en\/video-postproduction\/\",\"name\":\"Video & Postproduction - 3apes - Your Best Choice For Event !\",\"isPartOf\":{\"@id\":\"https:\/\/www.3apes.sk\/en\/#website\"},\"datePublished\":\"2015-11-05T14:38:08+00:00\",\"dateModified\":\"2018-01-16T12:55:04+00:00\",\"breadcrumb\":{\"@id\":\"https:\/\/www.3apes.sk\/en\/video-postproduction\/#breadcrumb\"},\"inLanguage\":\"en-US\",\"potentialAction\":[{\"@type\":\"ReadAction\",\"target\":[\"https:\/\/www.3apes.sk\/en\/video-postproduction\/\"]}]},{\"@type\":\"BreadcrumbList\",\"@id\":\"https:\/\/www.3apes.sk\/en\/video-postproduction\/#breadcrumb\",\"itemListElement\":[{\"@type\":\"ListItem\",\"position\":1,\"name\":\"Dom\u00e1ca str\u00e1nka\",\"item\":\"https:\/\/www.3apes.sk\/en\/\"},{\"@type\":\"ListItem\",\"position\":2,\"name\":\"Video &#038; Postproduction\"}]},{\"@type\":\"WebSite\",\"@id\":\"https:\/\/www.3apes.sk\/en\/#website\",\"url\":\"https:\/\/www.3apes.sk\/en\/\",\"name\":\"3apes - Your Best Choice For Event !\",\"description\":\"3apes je vizu\u00e1lno\u2013efektov\u00e1 firma \u0161pecializuj\u00faca sa na 3D projek\u010dn\u00fd mapping a vizu\u00e1lne efekty pre ka\u017ed\u00fa pr\u00edle\u017eitos\u0165\",\"potentialAction\":[{\"@type\":\"SearchAction\",\"target\":{\"@type\":\"EntryPoint\",\"urlTemplate\":\"https:\/\/www.3apes.sk\/en\/?s={search_term_string}\"},\"query-input\":\"required name=search_term_string\"}],\"inLanguage\":\"en-US\"}]}<\/script>\n<!-- \/ Yoast SEO plugin. -->","yoast_head_json":{"title":"Video & Postproduction - 3apes - Your Best Choice For Event !","robots":{"index":"index","follow":"follow","max-snippet":"max-snippet:-1","max-image-preview":"max-image-preview:large","max-video-preview":"max-video-preview:-1"},"canonical":"https:\/\/www.3apes.sk\/en\/video-postproduction\/","og_locale":"en_US","og_type":"article","og_title":"Video & Postproduction - 3apes - Your Best Choice For Event !","og_description":"[vc_row full_width=&#8221;true&#8221;][vc_column][vc_empty_space][\/vc_column][\/vc_row][vc_row][vc_column][vc_empty_space][\/vc_column][\/vc_row][vc_row type=&#8221;1&#8243;][vc_column][vc_empty_space height=&#8221;42px&#8221;][vc_column_text] Video Editing [\/vc_column_text][\/vc_column][vc_column width=&#8221;1\/2&#8243;][vc_empty_space height=&#8221;42px&#8221;][\/vc_column][vc_column width=&#8221;1\/2&#8243;][vc_column_text] Do you need a perfect record from your corporate party, live transmission from cameras to a LED screen, a projection screen, or stream your conference to the web? We also offer camera services! In addition to perfect picture and sound, the technical equipment of our&hellip;","og_url":"https:\/\/www.3apes.sk\/en\/video-postproduction\/","og_site_name":"3apes - Your Best Choice For Event !","article_modified_time":"2018-01-16T12:55:04+00:00","twitter_misc":{"Est. reading time":"1 minute"},"schema":{"@context":"https:\/\/schema.org","@graph":[{"@type":"WebPage","@id":"https:\/\/www.3apes.sk\/en\/video-postproduction\/","url":"https:\/\/www.3apes.sk\/en\/video-postproduction\/","name":"Video & Postproduction - 3apes - Your Best Choice For Event !","isPartOf":{"@id":"https:\/\/www.3apes.sk\/en\/#website"},"datePublished":"2015-11-05T14:38:08+00:00","dateModified":"2018-01-16T12:55:04+00:00","breadcrumb":{"@id":"https:\/\/www.3apes.sk\/en\/video-postproduction\/#breadcrumb"},"inLanguage":"en-US","potentialAction":[{"@type":"ReadAction","target":["https:\/\/www.3apes.sk\/en\/video-postproduction\/"]}]},{"@type":"BreadcrumbList","@id":"https:\/\/www.3apes.sk\/en\/video-postproduction\/#breadcrumb","itemListElement":[{"@type":"ListItem","position":1,"name":"Dom\u00e1ca str\u00e1nka","item":"https:\/\/www.3apes.sk\/en\/"},{"@type":"ListItem","position":2,"name":"Video &#038; Postproduction"}]},{"@type":"WebSite","@id":"https:\/\/www.3apes.sk\/en\/#website","url":"https:\/\/www.3apes.sk\/en\/","name":"3apes - Your Best Choice For Event !","description":"3apes je vizu\u00e1lno\u2013efektov\u00e1 firma \u0161pecializuj\u00faca sa na 3D projek\u010dn\u00fd mapping a vizu\u00e1lne efekty pre ka\u017ed\u00fa pr\u00edle\u017eitos\u0165","potentialAction":[{"@type":"SearchAction","target":{"@type":"EntryPoint","urlTemplate":"https:\/\/www.3apes.sk\/en\/?s={search_term_string}"},"query-input":"required name=search_term_string"}],"inLanguage":"en-US"}]}},"_links":{"self":[{"href":"https:\/\/www.3apes.sk\/en\/wp-json\/wp\/v2\/pages\/76","targetHints":{"allow":["GET"]}}],"collection":[{"href":"https:\/\/www.3apes.sk\/en\/wp-json\/wp\/v2\/pages"}],"about":[{"href":"https:\/\/www.3apes.sk\/en\/wp-json\/wp\/v2\/types\/page"}],"author":[{"embeddable":true,"href":"https:\/\/www.3apes.sk\/en\/wp-json\/wp\/v2\/users\/1"}],"replies":[{"embeddable":true,"href":"https:\/\/www.3apes.sk\/en\/wp-json\/wp\/v2\/comments?post=76"}],"version-history":[{"count":6,"href":"https:\/\/www.3apes.sk\/en\/wp-json\/wp\/v2\/pages\/76\/revisions"}],"predecessor-version":[{"id":1757,"href":"https:\/\/www.3apes.sk\/en\/wp-json\/wp\/v2\/pages\/76\/revisions\/1757"}],"wp:attachment":[{"href":"https:\/\/www.3apes.sk\/en\/wp-json\/wp\/v2\/media?parent=76"}],"curies":[{"name":"wp","href":"https:\/\/api.w.org\/{rel}","templated":true}]}}