{"id":1602,"date":"2017-05-22T13:50:45","date_gmt":"2017-05-22T11:50:45","guid":{"rendered":"http:\/\/www.3apes.sk\/en\/?post_type=product&#038;p=1602"},"modified":"2017-06-21T13:53:07","modified_gmt":"2017-06-21T11:53:07","slug":"rock-wind","status":"publish","type":"product","link":"https:\/\/www.3apes.sk\/en\/product\/rock-wind\/","title":{"rendered":"Rock wind"},"content":{"rendered":"","protected":false},"excerpt":{"rendered":"","protected":false},"featured_media":1631,"comment_status":"open","ping_status":"closed","template":"","meta":[],"product_cat":[72],"product_tag":[],"class_list":["post-1602","product","type-product","status-publish","has-post-thumbnail","hentry","product_cat-uncategorized","description-off"],"yoast_head":"<!-- This site is optimized with the Yoast SEO plugin v20.3 - https:\/\/yoast.com\/wordpress\/plugins\/seo\/ -->\n<title>Rock wind - 3apes - Your Best Choice For Event !<\/title>\n<meta name=\"robots\" content=\"index, follow, max-snippet:-1, max-image-preview:large, max-video-preview:-1\" \/>\n<link rel=\"canonical\" href=\"https:\/\/www.3apes.sk\/en\/product\/rock-wind\/\" \/>\n<meta property=\"og:locale\" content=\"en_US\" \/>\n<meta property=\"og:type\" content=\"article\" \/>\n<meta property=\"og:title\" content=\"Rock wind - 3apes - Your Best Choice For Event !\" \/>\n<meta property=\"og:url\" content=\"https:\/\/www.3apes.sk\/en\/product\/rock-wind\/\" \/>\n<meta property=\"og:site_name\" content=\"3apes - Your Best Choice For Event !\" \/>\n<meta property=\"article:modified_time\" content=\"2017-06-21T11:53:07+00:00\" \/>\n<meta property=\"og:image\" content=\"https:\/\/www.3apes.sk\/en\/wp-content\/uploads\/2017\/05\/18e.gif\" \/>\n\t<meta property=\"og:image:width\" content=\"352\" \/>\n\t<meta property=\"og:image:height\" content=\"288\" \/>\n\t<meta property=\"og:image:type\" content=\"image\/gif\" \/>\n<script type=\"application\/ld+json\" class=\"yoast-schema-graph\">{\"@context\":\"https:\/\/schema.org\",\"@graph\":[{\"@type\":\"WebPage\",\"@id\":\"https:\/\/www.3apes.sk\/en\/product\/rock-wind\/\",\"url\":\"https:\/\/www.3apes.sk\/en\/product\/rock-wind\/\",\"name\":\"Rock wind - 3apes - Your Best Choice For Event !\",\"isPartOf\":{\"@id\":\"https:\/\/www.3apes.sk\/en\/#website\"},\"datePublished\":\"2017-05-22T11:50:45+00:00\",\"dateModified\":\"2017-06-21T11:53:07+00:00\",\"breadcrumb\":{\"@id\":\"https:\/\/www.3apes.sk\/en\/product\/rock-wind\/#breadcrumb\"},\"inLanguage\":\"en-US\",\"potentialAction\":[{\"@type\":\"ReadAction\",\"target\":[\"https:\/\/www.3apes.sk\/en\/product\/rock-wind\/\"]}]},{\"@type\":\"BreadcrumbList\",\"@id\":\"https:\/\/www.3apes.sk\/en\/product\/rock-wind\/#breadcrumb\",\"itemListElement\":[{\"@type\":\"ListItem\",\"position\":1,\"name\":\"Dom\u00e1ca str\u00e1nka\",\"item\":\"https:\/\/www.3apes.sk\/en\/\"},{\"@type\":\"ListItem\",\"position\":2,\"name\":\"Shop\",\"item\":\"https:\/\/www.3apes.sk\/en\/shop\/\"},{\"@type\":\"ListItem\",\"position\":3,\"name\":\"Rock wind\"}]},{\"@type\":\"WebSite\",\"@id\":\"https:\/\/www.3apes.sk\/en\/#website\",\"url\":\"https:\/\/www.3apes.sk\/en\/\",\"name\":\"3apes - Your Best Choice For Event !\",\"description\":\"3apes je vizu\u00e1lno\u2013efektov\u00e1 firma \u0161pecializuj\u00faca sa na 3D projek\u010dn\u00fd mapping a vizu\u00e1lne efekty pre ka\u017ed\u00fa pr\u00edle\u017eitos\u0165\",\"potentialAction\":[{\"@type\":\"SearchAction\",\"target\":{\"@type\":\"EntryPoint\",\"urlTemplate\":\"https:\/\/www.3apes.sk\/en\/?s={search_term_string}\"},\"query-input\":\"required name=search_term_string\"}],\"inLanguage\":\"en-US\"}]}<\/script>\n<!-- \/ Yoast SEO plugin. -->","yoast_head_json":{"title":"Rock wind - 3apes - Your Best Choice For Event !","robots":{"index":"index","follow":"follow","max-snippet":"max-snippet:-1","max-image-preview":"max-image-preview:large","max-video-preview":"max-video-preview:-1"},"canonical":"https:\/\/www.3apes.sk\/en\/product\/rock-wind\/","og_locale":"en_US","og_type":"article","og_title":"Rock wind - 3apes - Your Best Choice For Event !","og_url":"https:\/\/www.3apes.sk\/en\/product\/rock-wind\/","og_site_name":"3apes - Your Best Choice For Event !","article_modified_time":"2017-06-21T11:53:07+00:00","og_image":[{"width":352,"height":288,"url":"https:\/\/www.3apes.sk\/en\/wp-content\/uploads\/2017\/05\/18e.gif","type":"image\/gif"}],"schema":{"@context":"https:\/\/schema.org","@graph":[{"@type":"WebPage","@id":"https:\/\/www.3apes.sk\/en\/product\/rock-wind\/","url":"https:\/\/www.3apes.sk\/en\/product\/rock-wind\/","name":"Rock wind - 3apes - Your Best Choice For Event !","isPartOf":{"@id":"https:\/\/www.3apes.sk\/en\/#website"},"datePublished":"2017-05-22T11:50:45+00:00","dateModified":"2017-06-21T11:53:07+00:00","breadcrumb":{"@id":"https:\/\/www.3apes.sk\/en\/product\/rock-wind\/#breadcrumb"},"inLanguage":"en-US","potentialAction":[{"@type":"ReadAction","target":["https:\/\/www.3apes.sk\/en\/product\/rock-wind\/"]}]},{"@type":"BreadcrumbList","@id":"https:\/\/www.3apes.sk\/en\/product\/rock-wind\/#breadcrumb","itemListElement":[{"@type":"ListItem","position":1,"name":"Dom\u00e1ca str\u00e1nka","item":"https:\/\/www.3apes.sk\/en\/"},{"@type":"ListItem","position":2,"name":"Shop","item":"https:\/\/www.3apes.sk\/en\/shop\/"},{"@type":"ListItem","position":3,"name":"Rock wind"}]},{"@type":"WebSite","@id":"https:\/\/www.3apes.sk\/en\/#website","url":"https:\/\/www.3apes.sk\/en\/","name":"3apes - Your Best Choice For Event !","description":"3apes je vizu\u00e1lno\u2013efektov\u00e1 firma \u0161pecializuj\u00faca sa na 3D projek\u010dn\u00fd mapping a vizu\u00e1lne efekty pre ka\u017ed\u00fa pr\u00edle\u017eitos\u0165","potentialAction":[{"@type":"SearchAction","target":{"@type":"EntryPoint","urlTemplate":"https:\/\/www.3apes.sk\/en\/?s={search_term_string}"},"query-input":"required name=search_term_string"}],"inLanguage":"en-US"}]}},"_links":{"self":[{"href":"https:\/\/www.3apes.sk\/en\/wp-json\/wp\/v2\/product\/1602","targetHints":{"allow":["GET"]}}],"collection":[{"href":"https:\/\/www.3apes.sk\/en\/wp-json\/wp\/v2\/product"}],"about":[{"href":"https:\/\/www.3apes.sk\/en\/wp-json\/wp\/v2\/types\/product"}],"replies":[{"embeddable":true,"href":"https:\/\/www.3apes.sk\/en\/wp-json\/wp\/v2\/comments?post=1602"}],"wp:featuredmedia":[{"embeddable":true,"href":"https:\/\/www.3apes.sk\/en\/wp-json\/wp\/v2\/media\/1631"}],"wp:attachment":[{"href":"https:\/\/www.3apes.sk\/en\/wp-json\/wp\/v2\/media?parent=1602"}],"wp:term":[{"taxonomy":"product_cat","embeddable":true,"href":"https:\/\/www.3apes.sk\/en\/wp-json\/wp\/v2\/product_cat?post=1602"},{"taxonomy":"product_tag","embeddable":true,"href":"https:\/\/www.3apes.sk\/en\/wp-json\/wp\/v2\/product_tag?post=1602"}],"curies":[{"name":"wp","href":"https:\/\/api.w.org\/{rel}","templated":true}]}}